{"id":519,"date":"2018-05-20T18:40:39","date_gmt":"2018-05-20T18:40:39","guid":{"rendered":"https:\/\/www.mvh.be\/loodgieter\/"},"modified":"2018-06-26T12:47:11","modified_gmt":"2018-06-26T12:47:11","slug":"plombier","status":"publish","type":"page","link":"https:\/\/www.mvh.be\/fr\/sanitair-installateur\/plombier\/","title":{"rendered":"Plombier"},"content":{"rendered":"<h2>Plombiers<\/h2>\n<h3>Besoin d\u2019un plombier exp\u00e9riment\u00e9\u00a0?<\/h3>\n<p>Vous cherchez un plombier comp\u00e9tent dans la r\u00e9gion de Zaventem, Louvain et Malines\u00a0? En faisant appel \u00e0 MVH, vous frappez \u00e0 la bonne porte.<\/p>\n<p>Qu\u2019il s\u2019agisse de remplacer un robinet qui fuit ou de r\u00e9parer une conduite d\u00e9fectueuse, nos plombiers exp\u00e9riment\u00e9s sont \u00e0 votre service.<\/p>\n<p>Bien s\u00fbr, vous pouvez \u00e9galement nous confier <a href=\"https:\/\/www.mvh.be\/fr\/entretien-chaudiere\/\">l\u2019entretien<\/a> de votre chaudi\u00e8re, <a href=\"https:\/\/www.mvh.be\/fr\/installateur-de-chauffage\/\">l\u2019installation du chauffage<\/a> central et des <a href=\"https:\/\/www.mvh.be\/fr\/sanitair-installateur\/\">sanitaires<\/a> ou encore la <a href=\"https:\/\/www.mvh.be\/fr\/renovation-de-salle-de-bain\/\">r\u00e9novation compl\u00e8te de votre salle de bain<\/a>.<\/p>\n<p>Vous souhaitez un conseil\u00a0? Ou un devis gratuit\u00a0?<\/p>\n<p><a class=\"b-btn btn-primary active btn-lg\" href=\"https:\/\/www.mvh.be\/fr\/contact\/\">Contactez-nous<\/a><\/p>\n","protected":false},"excerpt":{"rendered":"<p>Plombiers Besoin d\u2019un plombier exp\u00e9riment\u00e9\u00a0? Vous cherchez un plombier comp\u00e9tent dans la r\u00e9gion de Zaventem, Louvain et Malines\u00a0? En faisant appel \u00e0 MVH, vous frappez \u00e0 la bonne porte. Qu\u2019il&hellip;<\/p>\n","protected":false},"author":1,"featured_media":0,"parent":530,"menu_order":2,"comment_status":"closed","ping_status":"closed","template":"","meta":{"_acf_changed":false,"inline_featured_image":false,"footnotes":""},"class_list":["post-519","page","type-page","status-publish","hentry"],"acf":[],"yoast_head":"<!-- This site is optimized with the Yoast SEO plugin v25.6 - https:\/\/yoast.com\/wordpress\/plugins\/seo\/ -->\n<title>Plombier MVH - Remplacer un robinet qui fuit? R\u00e9parer une conduite d\u00e9fectueuse?<\/title>\n<meta name=\"description\" content=\"Besoin d\u2019un plombier de toute urgence\u00a0? Appelez MVH, nos plombiers interviendront rapidement\u00a0!\" \/>\n<meta name=\"robots\" content=\"index, follow, max-snippet:-1, max-image-preview:large, max-video-preview:-1\" \/>\n<link rel=\"canonical\" href=\"https:\/\/www.mvh.be\/fr\/sanitair-installateur\/plombier\/\" \/>\n<meta property=\"og:locale\" content=\"fr_FR\" \/>\n<meta property=\"og:type\" content=\"article\" \/>\n<meta property=\"og:title\" content=\"Plombier MVH - Remplacer un robinet qui fuit? R\u00e9parer une conduite d\u00e9fectueuse?\" \/>\n<meta property=\"og:description\" content=\"Besoin d\u2019un plombier de toute urgence\u00a0? Appelez MVH, nos plombiers interviendront rapidement\u00a0!\" \/>\n<meta property=\"og:url\" content=\"https:\/\/www.mvh.be\/fr\/sanitair-installateur\/plombier\/\" \/>\n<meta property=\"og:site_name\" content=\"MVH\" \/>\n<meta property=\"article:modified_time\" content=\"2018-06-26T12:47:11+00:00\" \/>\n<meta name=\"twitter:card\" content=\"summary_large_image\" \/>\n<meta name=\"twitter:label1\" content=\"Dur\u00e9e de lecture estim\u00e9e\" \/>\n\t<meta name=\"twitter:data1\" content=\"1 minute\" \/>\n<script type=\"application\/ld+json\" class=\"yoast-schema-graph\">{\"@context\":\"https:\/\/schema.org\",\"@graph\":[{\"@type\":\"WebPage\",\"@id\":\"https:\/\/www.mvh.be\/fr\/sanitair-installateur\/plombier\/\",\"url\":\"https:\/\/www.mvh.be\/fr\/sanitair-installateur\/plombier\/\",\"name\":\"Plombier MVH - Remplacer un robinet qui fuit? R\u00e9parer une conduite d\u00e9fectueuse?\",\"isPartOf\":{\"@id\":\"https:\/\/www.mvh.be\/#website\"},\"datePublished\":\"2018-05-20T18:40:39+00:00\",\"dateModified\":\"2018-06-26T12:47:11+00:00\",\"description\":\"Besoin d\u2019un plombier de toute urgence\u00a0? Appelez MVH, nos plombiers interviendront rapidement\u00a0!\",\"breadcrumb\":{\"@id\":\"https:\/\/www.mvh.be\/fr\/sanitair-installateur\/plombier\/#breadcrumb\"},\"inLanguage\":\"fr-FR\",\"potentialAction\":[{\"@type\":\"ReadAction\",\"target\":[\"https:\/\/www.mvh.be\/fr\/sanitair-installateur\/plombier\/\"]}]},{\"@type\":\"BreadcrumbList\",\"@id\":\"https:\/\/www.mvh.be\/fr\/sanitair-installateur\/plombier\/#breadcrumb\",\"itemListElement\":[{\"@type\":\"ListItem\",\"position\":1,\"name\":\"Home\",\"item\":\"https:\/\/www.mvh.be\/fr\/\"},{\"@type\":\"ListItem\",\"position\":2,\"name\":\"Sanitair\",\"item\":\"https:\/\/www.mvh.be\/fr\/sanitair-installateur\/\"},{\"@type\":\"ListItem\",\"position\":3,\"name\":\"Plombier\"}]},{\"@type\":\"WebSite\",\"@id\":\"https:\/\/www.mvh.be\/#website\",\"url\":\"https:\/\/www.mvh.be\/\",\"name\":\"MVH\",\"description\":\"\",\"potentialAction\":[{\"@type\":\"SearchAction\",\"target\":{\"@type\":\"EntryPoint\",\"urlTemplate\":\"https:\/\/www.mvh.be\/?s={search_term_string}\"},\"query-input\":{\"@type\":\"PropertyValueSpecification\",\"valueRequired\":true,\"valueName\":\"search_term_string\"}}],\"inLanguage\":\"fr-FR\"}]}<\/script>\n<!-- \/ Yoast SEO plugin. -->","yoast_head_json":{"title":"Plombier MVH - Remplacer un robinet qui fuit? R\u00e9parer une conduite d\u00e9fectueuse?","description":"Besoin d\u2019un plombier de toute urgence\u00a0? Appelez MVH, nos plombiers interviendront rapidement\u00a0!","robots":{"index":"index","follow":"follow","max-snippet":"max-snippet:-1","max-image-preview":"max-image-preview:large","max-video-preview":"max-video-preview:-1"},"canonical":"https:\/\/www.mvh.be\/fr\/sanitair-installateur\/plombier\/","og_locale":"fr_FR","og_type":"article","og_title":"Plombier MVH - Remplacer un robinet qui fuit? R\u00e9parer une conduite d\u00e9fectueuse?","og_description":"Besoin d\u2019un plombier de toute urgence\u00a0? Appelez MVH, nos plombiers interviendront rapidement\u00a0!","og_url":"https:\/\/www.mvh.be\/fr\/sanitair-installateur\/plombier\/","og_site_name":"MVH","article_modified_time":"2018-06-26T12:47:11+00:00","twitter_card":"summary_large_image","twitter_misc":{"Dur\u00e9e de lecture estim\u00e9e":"1 minute"},"schema":{"@context":"https:\/\/schema.org","@graph":[{"@type":"WebPage","@id":"https:\/\/www.mvh.be\/fr\/sanitair-installateur\/plombier\/","url":"https:\/\/www.mvh.be\/fr\/sanitair-installateur\/plombier\/","name":"Plombier MVH - Remplacer un robinet qui fuit? R\u00e9parer une conduite d\u00e9fectueuse?","isPartOf":{"@id":"https:\/\/www.mvh.be\/#website"},"datePublished":"2018-05-20T18:40:39+00:00","dateModified":"2018-06-26T12:47:11+00:00","description":"Besoin d\u2019un plombier de toute urgence\u00a0? Appelez MVH, nos plombiers interviendront rapidement\u00a0!","breadcrumb":{"@id":"https:\/\/www.mvh.be\/fr\/sanitair-installateur\/plombier\/#breadcrumb"},"inLanguage":"fr-FR","potentialAction":[{"@type":"ReadAction","target":["https:\/\/www.mvh.be\/fr\/sanitair-installateur\/plombier\/"]}]},{"@type":"BreadcrumbList","@id":"https:\/\/www.mvh.be\/fr\/sanitair-installateur\/plombier\/#breadcrumb","itemListElement":[{"@type":"ListItem","position":1,"name":"Home","item":"https:\/\/www.mvh.be\/fr\/"},{"@type":"ListItem","position":2,"name":"Sanitair","item":"https:\/\/www.mvh.be\/fr\/sanitair-installateur\/"},{"@type":"ListItem","position":3,"name":"Plombier"}]},{"@type":"WebSite","@id":"https:\/\/www.mvh.be\/#website","url":"https:\/\/www.mvh.be\/","name":"MVH","description":"","potentialAction":[{"@type":"SearchAction","target":{"@type":"EntryPoint","urlTemplate":"https:\/\/www.mvh.be\/?s={search_term_string}"},"query-input":{"@type":"PropertyValueSpecification","valueRequired":true,"valueName":"search_term_string"}}],"inLanguage":"fr-FR"}]}},"_links":{"self":[{"href":"https:\/\/www.mvh.be\/fr\/wp-json\/wp\/v2\/pages\/519"}],"collection":[{"href":"https:\/\/www.mvh.be\/fr\/wp-json\/wp\/v2\/pages"}],"about":[{"href":"https:\/\/www.mvh.be\/fr\/wp-json\/wp\/v2\/types\/page"}],"author":[{"embeddable":true,"href":"https:\/\/www.mvh.be\/fr\/wp-json\/wp\/v2\/users\/1"}],"replies":[{"embeddable":true,"href":"https:\/\/www.mvh.be\/fr\/wp-json\/wp\/v2\/comments?post=519"}],"version-history":[{"count":4,"href":"https:\/\/www.mvh.be\/fr\/wp-json\/wp\/v2\/pages\/519\/revisions"}],"predecessor-version":[{"id":941,"href":"https:\/\/www.mvh.be\/fr\/wp-json\/wp\/v2\/pages\/519\/revisions\/941"}],"up":[{"embeddable":true,"href":"https:\/\/www.mvh.be\/fr\/wp-json\/wp\/v2\/pages\/530"}],"wp:attachment":[{"href":"https:\/\/www.mvh.be\/fr\/wp-json\/wp\/v2\/media?parent=519"}],"curies":[{"name":"wp","href":"https:\/\/api.w.org\/{rel}","templated":true}]}}