{"id":528,"date":"2018-05-17T12:17:27","date_gmt":"2018-05-17T12:17:27","guid":{"rendered":"https:\/\/www.mvh.be\/airco-ventilatie\/"},"modified":"2018-06-26T12:49:44","modified_gmt":"2018-06-26T12:49:44","slug":"airco-installateur","status":"publish","type":"page","link":"https:\/\/www.mvh.be\/fr\/airco-installateur\/","title":{"rendered":"Airco &#038; Ventilation"},"content":{"rendered":"<h2>INSTALLER LA CLIMATISATION\u00a0?<\/h2>\n<h3>Faites appel aux professionnels de MVH\u00a0!<\/h3>\n<p>Vous voulez faire installer un syst\u00e8me de climatisation et souhaitez recevoir, sans engagement, des conseils avis\u00e9s qui vous guideront vers la solution la plus appropri\u00e9e\u00a0? MVH vous aide \u00e0 y voir plus clair parmi les diff\u00e9rentes possibilit\u00e9s et \u00e0 trouver l\u2019installation qui gardera toujours votre habitation ou vos bureaux \u00e0 la bonne temp\u00e9rature.<\/p>\n<p>Outre le rafra\u00eechissement de la temp\u00e9rature ambiante, une installation d\u2019air conditionn\u00e9 peut aujourd\u2019hui g\u00e9rer d\u2019autres fonctions \u2013 r\u00e9guler l\u2019air et assurer un flux d\u2019air constant \u00e0 l\u2019int\u00e9rieur d\u2019un b\u00e2timent, par exemple. L\u2019ajout d\u2019un syst\u00e8me de filtres permet \u00e9galement de purifier l\u2019air.<\/p>\n<p><a class=\"b-btn btn-primary active btn-lg\" href=\"https:\/\/www.mvh.be\/fr\/contact\/\">Contactez-nous pour plus d\u2019infos. <\/a><\/p>\n","protected":false},"excerpt":{"rendered":"<p>INSTALLER LA CLIMATISATION\u00a0? Faites appel aux professionnels de MVH\u00a0! Vous voulez faire installer un syst\u00e8me de climatisation et souhaitez recevoir, sans engagement, des conseils avis\u00e9s qui vous guideront vers la&hellip;<\/p>\n","protected":false},"author":1,"featured_media":0,"parent":0,"menu_order":50,"comment_status":"closed","ping_status":"closed","template":"","meta":{"_acf_changed":false,"inline_featured_image":false,"footnotes":""},"class_list":["post-528","page","type-page","status-publish","hentry"],"acf":[],"yoast_head":"<!-- This site is optimized with the Yoast SEO plugin v25.6 - https:\/\/yoast.com\/wordpress\/plugins\/seo\/ -->\n<title>Airco &amp; Ventilation - MVH - Zaventem - Louvain - Vilvoorde - Machelen<\/title>\n<meta name=\"description\" content=\"Les installateurs de MVH sont des professionnels dipl\u00f4m\u00e9s qui poss\u00e8dent une tr\u00e8s grande exp\u00e9rience et connaissent tous les syst\u00e8mes de climatisation.\" \/>\n<meta name=\"robots\" content=\"index, follow, max-snippet:-1, max-image-preview:large, max-video-preview:-1\" \/>\n<link rel=\"canonical\" href=\"https:\/\/www.mvh.be\/fr\/airco-installateur\/\" \/>\n<meta property=\"og:locale\" content=\"fr_FR\" \/>\n<meta property=\"og:type\" content=\"article\" \/>\n<meta property=\"og:title\" content=\"Airco &amp; Ventilation - MVH - Zaventem - Louvain - Vilvoorde - Machelen\" \/>\n<meta property=\"og:description\" content=\"Les installateurs de MVH sont des professionnels dipl\u00f4m\u00e9s qui poss\u00e8dent une tr\u00e8s grande exp\u00e9rience et connaissent tous les syst\u00e8mes de climatisation.\" \/>\n<meta property=\"og:url\" content=\"https:\/\/www.mvh.be\/fr\/airco-installateur\/\" \/>\n<meta property=\"og:site_name\" content=\"MVH\" \/>\n<meta property=\"article:modified_time\" content=\"2018-06-26T12:49:44+00:00\" \/>\n<meta name=\"twitter:card\" content=\"summary_large_image\" \/>\n<meta name=\"twitter:label1\" content=\"Dur\u00e9e de lecture estim\u00e9e\" \/>\n\t<meta name=\"twitter:data1\" content=\"1 minute\" \/>\n<script type=\"application\/ld+json\" class=\"yoast-schema-graph\">{\"@context\":\"https:\/\/schema.org\",\"@graph\":[{\"@type\":\"WebPage\",\"@id\":\"https:\/\/www.mvh.be\/fr\/airco-installateur\/\",\"url\":\"https:\/\/www.mvh.be\/fr\/airco-installateur\/\",\"name\":\"Airco & Ventilation - MVH - Zaventem - Louvain - Vilvoorde - Machelen\",\"isPartOf\":{\"@id\":\"https:\/\/www.mvh.be\/#website\"},\"datePublished\":\"2018-05-17T12:17:27+00:00\",\"dateModified\":\"2018-06-26T12:49:44+00:00\",\"description\":\"Les installateurs de MVH sont des professionnels dipl\u00f4m\u00e9s qui poss\u00e8dent une tr\u00e8s grande exp\u00e9rience et connaissent tous les syst\u00e8mes de climatisation.\",\"breadcrumb\":{\"@id\":\"https:\/\/www.mvh.be\/fr\/airco-installateur\/#breadcrumb\"},\"inLanguage\":\"fr-FR\",\"potentialAction\":[{\"@type\":\"ReadAction\",\"target\":[\"https:\/\/www.mvh.be\/fr\/airco-installateur\/\"]}]},{\"@type\":\"BreadcrumbList\",\"@id\":\"https:\/\/www.mvh.be\/fr\/airco-installateur\/#breadcrumb\",\"itemListElement\":[{\"@type\":\"ListItem\",\"position\":1,\"name\":\"Home\",\"item\":\"https:\/\/www.mvh.be\/fr\/\"},{\"@type\":\"ListItem\",\"position\":2,\"name\":\"Airco &#038; Ventilation\"}]},{\"@type\":\"WebSite\",\"@id\":\"https:\/\/www.mvh.be\/#website\",\"url\":\"https:\/\/www.mvh.be\/\",\"name\":\"MVH\",\"description\":\"\",\"potentialAction\":[{\"@type\":\"SearchAction\",\"target\":{\"@type\":\"EntryPoint\",\"urlTemplate\":\"https:\/\/www.mvh.be\/?s={search_term_string}\"},\"query-input\":{\"@type\":\"PropertyValueSpecification\",\"valueRequired\":true,\"valueName\":\"search_term_string\"}}],\"inLanguage\":\"fr-FR\"}]}<\/script>\n<!-- \/ Yoast SEO plugin. -->","yoast_head_json":{"title":"Airco & Ventilation - MVH - Zaventem - Louvain - Vilvoorde - Machelen","description":"Les installateurs de MVH sont des professionnels dipl\u00f4m\u00e9s qui poss\u00e8dent une tr\u00e8s grande exp\u00e9rience et connaissent tous les syst\u00e8mes de climatisation.","robots":{"index":"index","follow":"follow","max-snippet":"max-snippet:-1","max-image-preview":"max-image-preview:large","max-video-preview":"max-video-preview:-1"},"canonical":"https:\/\/www.mvh.be\/fr\/airco-installateur\/","og_locale":"fr_FR","og_type":"article","og_title":"Airco & Ventilation - MVH - Zaventem - Louvain - Vilvoorde - Machelen","og_description":"Les installateurs de MVH sont des professionnels dipl\u00f4m\u00e9s qui poss\u00e8dent une tr\u00e8s grande exp\u00e9rience et connaissent tous les syst\u00e8mes de climatisation.","og_url":"https:\/\/www.mvh.be\/fr\/airco-installateur\/","og_site_name":"MVH","article_modified_time":"2018-06-26T12:49:44+00:00","twitter_card":"summary_large_image","twitter_misc":{"Dur\u00e9e de lecture estim\u00e9e":"1 minute"},"schema":{"@context":"https:\/\/schema.org","@graph":[{"@type":"WebPage","@id":"https:\/\/www.mvh.be\/fr\/airco-installateur\/","url":"https:\/\/www.mvh.be\/fr\/airco-installateur\/","name":"Airco & Ventilation - MVH - Zaventem - Louvain - Vilvoorde - Machelen","isPartOf":{"@id":"https:\/\/www.mvh.be\/#website"},"datePublished":"2018-05-17T12:17:27+00:00","dateModified":"2018-06-26T12:49:44+00:00","description":"Les installateurs de MVH sont des professionnels dipl\u00f4m\u00e9s qui poss\u00e8dent une tr\u00e8s grande exp\u00e9rience et connaissent tous les syst\u00e8mes de climatisation.","breadcrumb":{"@id":"https:\/\/www.mvh.be\/fr\/airco-installateur\/#breadcrumb"},"inLanguage":"fr-FR","potentialAction":[{"@type":"ReadAction","target":["https:\/\/www.mvh.be\/fr\/airco-installateur\/"]}]},{"@type":"BreadcrumbList","@id":"https:\/\/www.mvh.be\/fr\/airco-installateur\/#breadcrumb","itemListElement":[{"@type":"ListItem","position":1,"name":"Home","item":"https:\/\/www.mvh.be\/fr\/"},{"@type":"ListItem","position":2,"name":"Airco &#038; Ventilation"}]},{"@type":"WebSite","@id":"https:\/\/www.mvh.be\/#website","url":"https:\/\/www.mvh.be\/","name":"MVH","description":"","potentialAction":[{"@type":"SearchAction","target":{"@type":"EntryPoint","urlTemplate":"https:\/\/www.mvh.be\/?s={search_term_string}"},"query-input":{"@type":"PropertyValueSpecification","valueRequired":true,"valueName":"search_term_string"}}],"inLanguage":"fr-FR"}]}},"_links":{"self":[{"href":"https:\/\/www.mvh.be\/fr\/wp-json\/wp\/v2\/pages\/528"}],"collection":[{"href":"https:\/\/www.mvh.be\/fr\/wp-json\/wp\/v2\/pages"}],"about":[{"href":"https:\/\/www.mvh.be\/fr\/wp-json\/wp\/v2\/types\/page"}],"author":[{"embeddable":true,"href":"https:\/\/www.mvh.be\/fr\/wp-json\/wp\/v2\/users\/1"}],"replies":[{"embeddable":true,"href":"https:\/\/www.mvh.be\/fr\/wp-json\/wp\/v2\/comments?post=528"}],"version-history":[{"count":5,"href":"https:\/\/www.mvh.be\/fr\/wp-json\/wp\/v2\/pages\/528\/revisions"}],"predecessor-version":[{"id":942,"href":"https:\/\/www.mvh.be\/fr\/wp-json\/wp\/v2\/pages\/528\/revisions\/942"}],"wp:attachment":[{"href":"https:\/\/www.mvh.be\/fr\/wp-json\/wp\/v2\/media?parent=528"}],"curies":[{"name":"wp","href":"https:\/\/api.w.org\/{rel}","templated":true}]}}